{"id":106600,"date":"2025-01-16T15:19:05","date_gmt":"2025-01-16T15:19:05","guid":{"rendered":"https:\/\/www.emashq.com\/wp\/product\/the-noble-art-of-arabic-calligraphy-inscribe-your-name-into-tradition\/"},"modified":"2025-02-05T15:25:47","modified_gmt":"2025-02-05T15:25:47","slug":"buy-linear-fr","status":"publish","type":"product","link":"https:\/\/www.emashq.com\/wp\/fr\/produit\/buy-linear-fr\/","title":{"rendered":"L&#8217;art noble de la calligraphie arabe \u2013 Inscrivez vos mots dans la tradition"},"content":{"rendered":"<p><span style=\"font-weight: 400;\">Entrez dans le monde enchanteur de la <\/span><b>calligraphie arabe<\/b><span style=\"font-weight: 400;\">, cet art noble o\u00f9 chaque courbe et chaque trait expriment la beaut\u00e9 et la perfection. Que ce soit pour un nom ou un texte<\/span><span style=\"font-weight: 400;\">, vous avez l\u2019opportunit\u00e9 de transformer vos mots en une v\u00e9ritable \u0153uvre d\u2019art, un hommage \u00e0 l\u2019\u00e9l\u00e9gance des lettres arabes.<\/span><\/p>\n<p><span style=\"font-weight: 400;\">Vous pourrez choisir parmi <\/span><b>8 styles de calligraphie<\/b><span style=\"font-weight: 400;\"> traditionnels, chacun ayant travers\u00e9 les si\u00e8cles avec une majest\u00e9 in\u00e9gal\u00e9e :<\/span><\/p>\n<ul>\n<li style=\"font-weight: 400;\" aria-level=\"1\"><b>Naskh<\/b><span style=\"font-weight: 400;\"> \u2013 Le classique \u00e9l\u00e9gant<\/span><\/li>\n<li style=\"font-weight: 400;\" aria-level=\"1\"><b>Ruqaa<\/b><span style=\"font-weight: 400;\"> \u2013 Simple et fluide<\/span><\/li>\n<li style=\"font-weight: 400;\" aria-level=\"1\"><b>Ijaza<\/b><span style=\"font-weight: 400;\"> \u2013 Solennel et raffin\u00e9<\/span><\/li>\n<li style=\"font-weight: 400;\" aria-level=\"1\"><b>Toulouth<\/b><span style=\"font-weight: 400;\"> \u2013 Grandiose et ornemental<\/span><\/li>\n<li style=\"font-weight: 400;\" aria-level=\"1\"><b>Diwani<\/b><span style=\"font-weight: 400;\"> \u2013 Majestueux et harmonieux<\/span><\/li>\n<li style=\"font-weight: 400;\" aria-level=\"1\"><b>Jali Diwani<\/b><span style=\"font-weight: 400;\"> \u2013 Plus orn\u00e9 et royal<\/span><\/li>\n<li style=\"font-weight: 400;\" aria-level=\"1\"><b>Shikesta<\/b><span style=\"font-weight: 400;\"> \u2013 Libre et expressif<\/span><\/li>\n<li style=\"font-weight: 400;\" aria-level=\"1\"><b>Nastaliq<\/b><span style=\"font-weight: 400;\"> \u2013 Po\u00e9tique et inclin\u00e9<\/span><\/li>\n<\/ul>\n<p><span style=\"font-weight: 400;\">Votre chef-d&#8217;\u0153uvre sera mis en valeur par une s\u00e9lection de <\/span><b>16 fonds color\u00e9s<\/b><span style=\"font-weight: 400;\">, chacun con\u00e7u pour refl\u00e9ter l&#8217;\u00e9quilibre entre couleur et \u00e9l\u00e9gance. Vous pourrez visualiser ces fonds sur des exemples en style Naskh, mais ils seront applicables \u00e0 n\u2019importe quel style calligraphique choisi.<\/span><\/p>\n<p><span style=\"font-weight: 400;\">En plus de la beaut\u00e9 visuelle, vous avez la possibilit\u00e9 d\u2019<\/span><b>adapter votre calligraphie \u00e0 diff\u00e9rents supports<\/b><span style=\"font-weight: 400;\"> (page A4, smartphone, tee-shirt, affiche murale, etc.). Vous pouvez \u00e9galement proposer vos propres couleurs pour un rendu encore plus personnalis\u00e9, tant pour le fond que pour le texte.<\/span><\/p>\n<p><span style=\"font-weight: 400;\">Pour ceux qui ne ma\u00eetrisent pas l\u2019\u00e9criture arabe, un <\/span><b>outil de translit\u00e9ration<\/b><span style=\"font-weight: 400;\"> est mis \u00e0 disposition pour vous aider \u00e0 saisir votre texte. Vous avez aussi la possibilit\u00e9 de sp\u00e9cifier un <\/span><b>texte en caract\u00e8res latins<\/b><span style=\"font-weight: 400;\">, qui sera subtilement int\u00e9gr\u00e9 sous votre calligraphie arabe.<\/span><\/p>\n<p><b>Livraison :<\/b><\/p>\n<ul>\n<li style=\"font-weight: 400;\" aria-level=\"1\"><span style=\"font-weight: 400;\">Un fichier <\/span><b>JPEG<\/b><span style=\"font-weight: 400;\"> de votre \u0153uvre finale, en couleurs selon vos pr\u00e9f\u00e9rences.<\/span><\/li>\n<li style=\"font-weight: 400;\" aria-level=\"1\"><span style=\"font-weight: 400;\">Un fichier <\/span><b>PDF vectoriel<\/b><span style=\"font-weight: 400;\"> de la calligraphie pure, pr\u00eat pour une utilisation professionnelle ou personnelle.<\/span><\/li>\n<\/ul>\n<p><b>Conditions :<\/b><\/p>\n<ul>\n<li><span style=\"font-weight: 400;\">Applicable pour un texte lin\u00e9aire et horizontal, <\/span><\/li>\n<li><span style=\"font-weight: 400;\">{{prix_mot}} \u20ac par mot, avec un minimum de {{prix_produit}} \u20ac. <\/span><\/li>\n<\/ul>\n<p><span style=\"font-weight: 400;\">Pour des projets plus complexes (logo, forme non horizontale, etc), <a href=\"\/wp\/contact\">contactez nous<\/a>\u00a0pour un devis personnalis\u00e9.<\/span><\/p>\n","protected":false},"excerpt":{"rendered":"<p><span style=\"font-weight: 400;\">Offrez-vous un chef-d&#8217;\u0153uvre calligraphique personnalis\u00e9 en arabe, o\u00f9 la beaut\u00e9 des lettres rencontre la noblesse d&#8217;une tradition mill\u00e9naire. Choisissez parmi 8 styles majestueux et personnalisez les couleurs pour sublimer votre nom ou texte court. <\/span><b>\u00c0 partir de {{prix_produit}} \u20ac.<\/b><\/p>\n<p>Les champs marqu\u00e9es d&#8217;une \u00e9toile ( * ) sont obligatoires.<\/p>\n<p>Commencez par s\u00e9lectionner le style calligraphique.<\/p>\n<p>Le style Naskh dans la partie &#8220;Styles graphiques \u00e0 appliquer&#8221; a \u00e9t\u00e9 choisi seulement comme exemple pour illustrer les couleurs qui seront appliqu\u00e9es.<\/p>\n<p>Mais le style calligraphique appliqu\u00e9 par la suite sera bien celui que vous choisirez.<\/p>\n","protected":false},"featured_media":104497,"template":"","meta":{"neve_meta_sidebar":"","neve_meta_container":"","neve_meta_enable_content_width":"off","neve_meta_content_width":100,"neve_meta_title_alignment":"","neve_meta_author_avatar":"","neve_post_elements_order":"","neve_meta_disable_header":"","neve_meta_disable_footer":"","neve_meta_disable_title":""},"product_brand":[],"product_cat":[130],"product_tag":[],"class_list":{"0":"post-106600","1":"product","2":"type-product","3":"status-publish","4":"has-post-thumbnail","6":"product_cat-uncategorized-fr","8":"first","9":"instock","10":"sold-individually","11":"shipping-taxable","12":"purchasable","13":"product-type-variable"},"featured_image_urls_v2":{"full":["https:\/\/www.emashq.com\/wp\/wp-content\/uploads\/2024\/10\/RT_BUY_fr.png",925,340,false],"thumbnail":["https:\/\/www.emashq.com\/wp\/wp-content\/uploads\/2024\/10\/RT_BUY_fr-150x150.png",100,100,true],"medium":["https:\/\/www.emashq.com\/wp\/wp-content\/uploads\/2024\/10\/RT_BUY_fr-300x110.png",300,110,true],"medium_large":["https:\/\/www.emashq.com\/wp\/wp-content\/uploads\/2024\/10\/RT_BUY_fr-768x282.png",768,282,true],"large":["https:\/\/www.emashq.com\/wp\/wp-content\/uploads\/2024\/10\/RT_BUY_fr.png",925,340,false],"1536x1536":["https:\/\/www.emashq.com\/wp\/wp-content\/uploads\/2024\/10\/RT_BUY_fr.png",925,340,false],"2048x2048":["https:\/\/www.emashq.com\/wp\/wp-content\/uploads\/2024\/10\/RT_BUY_fr.png",925,340,false],"neve-blog":["https:\/\/www.emashq.com\/wp\/wp-content\/uploads\/2024\/10\/RT_BUY_fr.png",925,340,false],"woocommerce_thumbnail":["https:\/\/www.emashq.com\/wp\/wp-content\/uploads\/2024\/10\/RT_BUY_fr-300x110.png",300,110,true],"woocommerce_single":["https:\/\/www.emashq.com\/wp\/wp-content\/uploads\/2024\/10\/RT_BUY_fr-600x221.png",600,221,true],"woocommerce_gallery_thumbnail":["https:\/\/www.emashq.com\/wp\/wp-content\/uploads\/2024\/10\/RT_BUY_fr-100x100.png",100,100,true],"variation_swatches_image_size":["https:\/\/www.emashq.com\/wp\/wp-content\/uploads\/2024\/10\/RT_BUY_fr.png",50,18,false],"variation_swatches_tooltip_size":["https:\/\/www.emashq.com\/wp\/wp-content\/uploads\/2024\/10\/RT_BUY_fr.png",100,37,false]},"post_excerpt_stackable_v2":"<p><span style=\"font-weight: 400;\">Offrez-vous un chef-d&#8217;\u0153uvre calligraphique personnalis\u00e9 en arabe, o\u00f9 la beaut\u00e9 des lettres rencontre la noblesse d&#8217;une tradition mill\u00e9naire. Choisissez parmi 8 styles majestueux et personnalisez les couleurs pour sublimer votre nom ou texte court. <\/span><b>\u00c0 partir de {{prix_produit}} \u20ac.<\/b><\/p>\n<p>Les champs marqu\u00e9es d&#8217;une \u00e9toile ( * ) sont obligatoires.<\/p>\n<p>Commencez par s\u00e9lectionner le style calligraphique.<\/p>\n<p>Le style Naskh dans la partie &#8220;Styles graphiques \u00e0 appliquer&#8221; a \u00e9t\u00e9 choisi seulement comme exemple pour illustrer les couleurs qui seront appliqu\u00e9es.<\/p>\n<p>Mais le style calligraphique appliqu\u00e9 par la suite sera bien celui que vous choisirez.<\/p>\n","category_list_v2":"","author_info_v2":{"name":"","url":""},"comments_num_v2":"0 commentaire","jetpack_sharing_enabled":true,"_links":{"self":[{"href":"https:\/\/www.emashq.com\/wp\/fr\/wp-json\/wp\/v2\/product\/106600","targetHints":{"allow":["GET"]}}],"collection":[{"href":"https:\/\/www.emashq.com\/wp\/fr\/wp-json\/wp\/v2\/product"}],"about":[{"href":"https:\/\/www.emashq.com\/wp\/fr\/wp-json\/wp\/v2\/types\/product"}],"wp:featuredmedia":[{"embeddable":true,"href":"https:\/\/www.emashq.com\/wp\/fr\/wp-json\/wp\/v2\/media\/104497"}],"wp:attachment":[{"href":"https:\/\/www.emashq.com\/wp\/fr\/wp-json\/wp\/v2\/media?parent=106600"}],"wp:term":[{"taxonomy":"product_brand","embeddable":true,"href":"https:\/\/www.emashq.com\/wp\/fr\/wp-json\/wp\/v2\/product_brand?post=106600"},{"taxonomy":"product_cat","embeddable":true,"href":"https:\/\/www.emashq.com\/wp\/fr\/wp-json\/wp\/v2\/product_cat?post=106600"},{"taxonomy":"product_tag","embeddable":true,"href":"https:\/\/www.emashq.com\/wp\/fr\/wp-json\/wp\/v2\/product_tag?post=106600"}],"curies":[{"name":"wp","href":"https:\/\/api.w.org\/{rel}","templated":true}]}}